{"id":4513,"date":"2020-11-07T17:32:32","date_gmt":"2020-11-07T17:32:32","guid":{"rendered":"https:\/\/steaphancubair.com\/?page_id=4513"},"modified":"2022-12-25T17:00:13","modified_gmt":"2022-12-25T17:00:13","slug":"editorials","status":"publish","type":"page","link":"https:\/\/steaphancubair.com\/fr\/editorials\/","title":{"rendered":"\u00c9ditoriaux"},"content":{"rendered":"<div data-elementor-type=\"wp-page\" data-elementor-id=\"4513\" class=\"elementor elementor-4513\" data-elementor-post-type=\"page\">\n\t\t\t\t\t\t<section class=\"elementor-section elementor-top-section elementor-element elementor-element-3546f522 elementor-section-height-min-height elementor-section-full_width elementor-section-items-stretch elementor-section-content-middle elementor-section-height-default\" data-id=\"3546f522\" data-element_type=\"section\" data-e-type=\"section\" data-settings=\"{&quot;background_background&quot;:&quot;classic&quot;}\">\n\t\t\t\t\t\t<div class=\"elementor-container elementor-column-gap-default\">\n\t\t\t\t\t<div class=\"elementor-column elementor-col-100 elementor-top-column elementor-element elementor-element-7ae0e475\" data-id=\"7ae0e475\" data-element_type=\"column\" data-e-type=\"column\" data-settings=\"{&quot;background_background&quot;:&quot;classic&quot;}\">\n\t\t\t<div class=\"elementor-widget-wrap elementor-element-populated\">\n\t\t\t\t\t\t\t<\/div>\n\t\t<\/div>\n\t\t\t\t\t<\/div>\n\t\t<\/section>\n\t\t\t\t<section class=\"elementor-section elementor-top-section elementor-element elementor-element-66ff919d elementor-section-boxed elementor-section-height-default elementor-section-height-default\" data-id=\"66ff919d\" data-element_type=\"section\" data-e-type=\"section\">\n\t\t\t\t\t\t<div class=\"elementor-container elementor-column-gap-default\">\n\t\t\t\t\t<div class=\"elementor-column elementor-col-100 elementor-top-column elementor-element elementor-element-2811feac\" data-id=\"2811feac\" data-element_type=\"column\" data-e-type=\"column\" data-settings=\"{&quot;background_background&quot;:&quot;classic&quot;}\">\n\t\t\t<div class=\"elementor-widget-wrap elementor-element-populated\">\n\t\t\t\t\t\t<div class=\"elementor-element elementor-element-4fbc1fae elementor-grid-3 elementor-grid-tablet-2 elementor-grid-mobile-1 elementor-posts--thumbnail-top elementor-posts--show-avatar elementor-card-shadow-yes elementor-posts__hover-gradient elementor-widget elementor-widget-posts\" data-id=\"4fbc1fae\" data-element_type=\"widget\" data-e-type=\"widget\" data-settings=\"{&quot;cards_columns&quot;:&quot;3&quot;,&quot;cards_columns_tablet&quot;:&quot;2&quot;,&quot;cards_columns_mobile&quot;:&quot;1&quot;,&quot;cards_row_gap&quot;:{&quot;unit&quot;:&quot;px&quot;,&quot;size&quot;:35,&quot;sizes&quot;:[]},&quot;cards_row_gap_tablet&quot;:{&quot;unit&quot;:&quot;px&quot;,&quot;size&quot;:&quot;&quot;,&quot;sizes&quot;:[]},&quot;cards_row_gap_mobile&quot;:{&quot;unit&quot;:&quot;px&quot;,&quot;size&quot;:&quot;&quot;,&quot;sizes&quot;:[]}}\" data-widget_type=\"posts.cards\">\n\t\t\t\t<div class=\"elementor-widget-container\">\n\t\t\t\t\t\t\t<div class=\"elementor-posts-container elementor-posts elementor-posts--skin-cards elementor-grid\" role=\"list\">\n\t\t\t\t<article class=\"elementor-post elementor-grid-item post-6033 post type-post status-publish format-standard has-post-thumbnail hentry category-editorials\" role=\"listitem\">\n\t\t\t<div class=\"elementor-post__card\">\n\t\t\t\t<a class=\"elementor-post__thumbnail__link\" href=\"https:\/\/steaphancubair.com\/fr\/editorials\/hope-2\/\" tabindex=\"-1\" ><div class=\"elementor-post__thumbnail\"><img data-opt-id=434362209  fetchpriority=\"high\" decoding=\"async\" width=\"768\" height=\"829\" src=\"https:\/\/mlo8vfltrot8.i.optimole.com\/w:768\/h:829\/q:mauto\/f:best\/ig:avif\/https:\/\/steaphancubair.com\/wp-content\/uploads\/2021\/12\/Lawrence_Alma-Tadema_10.jpeg\" class=\"attachment-medium_large size-medium_large wp-image-6034\" alt=\"\" srcset=\"https:\/\/mlo8vfltrot8.i.optimole.com\/w:768\/h:829\/q:mauto\/f:best\/ig:avif\/https:\/\/steaphancubair.com\/wp-content\/uploads\/2021\/12\/Lawrence_Alma-Tadema_10.jpeg 768w, https:\/\/mlo8vfltrot8.i.optimole.com\/w:278\/h:300\/q:mauto\/f:best\/ig:avif\/https:\/\/steaphancubair.com\/wp-content\/uploads\/2021\/12\/Lawrence_Alma-Tadema_10.jpeg 278w, https:\/\/mlo8vfltrot8.i.optimole.com\/w:949\/h:1024\/q:mauto\/f:best\/ig:avif\/https:\/\/steaphancubair.com\/wp-content\/uploads\/2021\/12\/Lawrence_Alma-Tadema_10.jpeg 949w, https:\/\/mlo8vfltrot8.i.optimole.com\/w:500\/h:539\/q:mauto\/f:best\/ig:avif\/https:\/\/steaphancubair.com\/wp-content\/uploads\/2021\/12\/Lawrence_Alma-Tadema_10.jpeg 500w, https:\/\/mlo8vfltrot8.i.optimole.com\/w:800\/h:863\/q:mauto\/f:best\/ig:avif\/https:\/\/steaphancubair.com\/wp-content\/uploads\/2021\/12\/Lawrence_Alma-Tadema_10.jpeg 800w, https:\/\/mlo8vfltrot8.i.optimole.com\/w:1000\/h:1080\/q:mauto\/f:best\/ig:avif\/https:\/\/steaphancubair.com\/wp-content\/uploads\/2021\/12\/Lawrence_Alma-Tadema_10.jpeg 1039w\" sizes=\"(max-width: 768px) 100vw, 768px\" \/><\/div><\/a>\n\t\t\t\t<div class=\"elementor-post__avatar\">\n\t\t\t<img decoding=async data-opt-id=1436150419  fetchpriority=\"high\" alt='Stephan Cooper' src='https:\/\/secure.gravatar.com\/avatar\/4cccb564e5071856cbedea64b97ded6f61cd8d83478e196ac8c02f5be9dbc6a1?s=128&#038;d=mm&#038;r=g' srcset='https:\/\/secure.gravatar.com\/avatar\/4cccb564e5071856cbedea64b97ded6f61cd8d83478e196ac8c02f5be9dbc6a1?s=256&#038;d=mm&#038;r=g 2x' class='avatar avatar-128 photo' height='128' width='128' \/>\t\t<\/div>\n\t\t\t\t<div class=\"elementor-post__text\">\n\t\t\t\t<h3 class=\"elementor-post__title\">\n\t\t\t<a href=\"https:\/\/steaphancubair.com\/fr\/editorials\/hope-2\/\" >\n\t\t\t\tEspoir\t\t\t<\/a>\n\t\t<\/h3>\n\t\t\t\t<div class=\"elementor-post__excerpt\">\n\t\t\t<p>\u00c0 minuit, il y a quelques jours, des millions de personnes de par le monde<\/p>\n\t\t<\/div>\n\t\t\n\t\t<a class=\"elementor-post__read-more\" href=\"https:\/\/steaphancubair.com\/fr\/editorials\/hope-2\/\" aria-label=\"En savoir plus sur Hope\" tabindex=\"-1\" >\n\t\t\tEn lire plus\t\t<\/a>\n\n\t\t\t\t<\/div>\n\t\t\t\t<div class=\"elementor-post__meta-data\">\n\t\t\t\t\t<span class=\"elementor-post-author\">\n\t\t\tStephan Cooper\t\t<\/span>\n\t\t\t\t<span class=\"elementor-post-date\">\n\t\t\t3 janvier 2022\t\t<\/span>\n\t\t\t\t<span class=\"elementor-post-avatar\">\n\t\t\tAucun commentaire\t\t<\/span>\n\t\t\t\t<\/div>\n\t\t\t\t\t<\/div>\n\t\t<\/article>\n\t\t\t\t<article class=\"elementor-post elementor-grid-item post-3615 post type-post status-publish format-standard has-post-thumbnail hentry category-editorials\" role=\"listitem\">\n\t\t\t<div class=\"elementor-post__card\">\n\t\t\t\t<a class=\"elementor-post__thumbnail__link\" href=\"https:\/\/steaphancubair.com\/fr\/editorials\/stomach-upset-after-don-giovannis-last-supper\/\" tabindex=\"-1\" ><div class=\"elementor-post__thumbnail\"><img data-opt-id=92125162  fetchpriority=\"high\" decoding=\"async\" width=\"768\" height=\"494\" src=\"https:\/\/mlo8vfltrot8.i.optimole.com\/w:768\/h:494\/q:mauto\/f:best\/ig:avif\/https:\/\/steaphancubair.com\/wp-content\/uploads\/2008\/09\/alessia-cocconi-eElpS2uHBfU-unsplash.jpg\" class=\"attachment-medium_large size-medium_large wp-image-3620\" alt=\"\" srcset=\"https:\/\/mlo8vfltrot8.i.optimole.com\/w:768\/h:494\/q:mauto\/f:best\/ig:avif\/https:\/\/steaphancubair.com\/wp-content\/uploads\/2008\/09\/alessia-cocconi-eElpS2uHBfU-unsplash-scaled.jpg 768w, https:\/\/mlo8vfltrot8.i.optimole.com\/w:300\/h:193\/q:mauto\/f:best\/ig:avif\/https:\/\/steaphancubair.com\/wp-content\/uploads\/2008\/09\/alessia-cocconi-eElpS2uHBfU-unsplash-scaled.jpg 300w, https:\/\/mlo8vfltrot8.i.optimole.com\/w:1024\/h:658\/q:mauto\/f:best\/ig:avif\/https:\/\/steaphancubair.com\/wp-content\/uploads\/2008\/09\/alessia-cocconi-eElpS2uHBfU-unsplash-scaled.jpg 1024w, https:\/\/mlo8vfltrot8.i.optimole.com\/w:1536\/h:987\/q:mauto\/f:best\/ig:avif\/https:\/\/steaphancubair.com\/wp-content\/uploads\/2008\/09\/alessia-cocconi-eElpS2uHBfU-unsplash-scaled.jpg 1536w, https:\/\/mlo8vfltrot8.i.optimole.com\/w:1680\/h:1080\/q:mauto\/f:best\/ig:avif\/https:\/\/steaphancubair.com\/wp-content\/uploads\/2008\/09\/alessia-cocconi-eElpS2uHBfU-unsplash-scaled.jpg 2048w, https:\/\/mlo8vfltrot8.i.optimole.com\/w:500\/h:321\/q:mauto\/f:best\/ig:avif\/https:\/\/steaphancubair.com\/wp-content\/uploads\/2008\/09\/alessia-cocconi-eElpS2uHBfU-unsplash-scaled.jpg 500w, https:\/\/mlo8vfltrot8.i.optimole.com\/w:800\/h:514\/q:mauto\/f:best\/ig:avif\/https:\/\/steaphancubair.com\/wp-content\/uploads\/2008\/09\/alessia-cocconi-eElpS2uHBfU-unsplash-scaled.jpg 800w, https:\/\/mlo8vfltrot8.i.optimole.com\/w:1280\/h:823\/q:mauto\/f:best\/ig:avif\/https:\/\/steaphancubair.com\/wp-content\/uploads\/2008\/09\/alessia-cocconi-eElpS2uHBfU-unsplash-scaled.jpg 1280w, https:\/\/mlo8vfltrot8.i.optimole.com\/w:1680\/h:1080\/q:mauto\/f:best\/ig:avif\/https:\/\/steaphancubair.com\/wp-content\/uploads\/2008\/09\/alessia-cocconi-eElpS2uHBfU-unsplash-scaled.jpg 1920w\" sizes=\"(max-width: 768px) 100vw, 768px\" \/><\/div><\/a>\n\t\t\t\t<div class=\"elementor-post__avatar\">\n\t\t\t<img decoding=async data-opt-id=1436150419  fetchpriority=\"high\" alt='Stephan Cooper' src='https:\/\/secure.gravatar.com\/avatar\/4cccb564e5071856cbedea64b97ded6f61cd8d83478e196ac8c02f5be9dbc6a1?s=128&#038;d=mm&#038;r=g' srcset='https:\/\/secure.gravatar.com\/avatar\/4cccb564e5071856cbedea64b97ded6f61cd8d83478e196ac8c02f5be9dbc6a1?s=256&#038;d=mm&#038;r=g 2x' class='avatar avatar-128 photo' height='128' width='128' \/>\t\t<\/div>\n\t\t\t\t<div class=\"elementor-post__text\">\n\t\t\t\t<h3 class=\"elementor-post__title\">\n\t\t\t<a href=\"https:\/\/steaphancubair.com\/fr\/editorials\/stomach-upset-after-don-giovannis-last-supper\/\" >\n\t\t\t\tIndigestion apr\u00e8s le dernier repas de Don Giovanni...\t\t\t<\/a>\n\t\t<\/h3>\n\t\t\t\t<div class=\"elementor-post__excerpt\">\n\t\t\t<p>Peut-on sacrifier une des \u0153uvres op\u00e9ratiques les plus embl\u00e9matiques sur le<\/p>\n\t\t<\/div>\n\t\t\n\t\t<a class=\"elementor-post__read-more\" href=\"https:\/\/steaphancubair.com\/fr\/editorials\/stomach-upset-after-don-giovannis-last-supper\/\" aria-label=\"En savoir plus sur Stomach upset after Don Giovanni&#8217;s last supper&#8230;\" tabindex=\"-1\" >\n\t\t\tEn lire plus\t\t<\/a>\n\n\t\t\t\t<\/div>\n\t\t\t\t<div class=\"elementor-post__meta-data\">\n\t\t\t\t\t<span class=\"elementor-post-author\">\n\t\t\tStephan Cooper\t\t<\/span>\n\t\t\t\t<span class=\"elementor-post-date\">\n\t\t\t6 septembre 2008\t\t<\/span>\n\t\t\t\t<span class=\"elementor-post-avatar\">\n\t\t\tAucun commentaire\t\t<\/span>\n\t\t\t\t<\/div>\n\t\t\t\t\t<\/div>\n\t\t<\/article>\n\t\t\t\t<article class=\"elementor-post elementor-grid-item post-3634 post type-post status-publish format-standard has-post-thumbnail hentry category-editorials\" role=\"listitem\">\n\t\t\t<div class=\"elementor-post__card\">\n\t\t\t\t<a class=\"elementor-post__thumbnail__link\" href=\"https:\/\/steaphancubair.com\/fr\/editorials\/knight-so-dark-where-are-you\/\" tabindex=\"-1\" ><div class=\"elementor-post__thumbnail\"><img data-opt-id=1957257902  data-opt-src=\"https:\/\/mlo8vfltrot8.i.optimole.com\/w:768\/h:512\/q:mauto\/f:best\/ig:avif\/https:\/\/steaphancubair.com\/wp-content\/uploads\/2020\/05\/felix-mooneeram-evlkOfkQ5rE-unsplash.jpg\"  decoding=\"async\" width=\"768\" height=\"512\" src=\"https:\/\/mlo8vfltrot8.i.optimole.com\/w:768\/h:512\/q:eco\/f:best\/ig:avif\/https:\/\/steaphancubair.com\/wp-content\/uploads\/2020\/05\/felix-mooneeram-evlkOfkQ5rE-unsplash.jpg\" class=\"attachment-medium_large size-medium_large wp-image-3635\" alt=\"\" old-srcset=\"https:\/\/mlo8vfltrot8.i.optimole.com\/w:768\/h:512\/q:mauto\/f:best\/ig:avif\/https:\/\/steaphancubair.com\/wp-content\/uploads\/2020\/05\/felix-mooneeram-evlkOfkQ5rE-unsplash-scaled.jpg 768w, https:\/\/mlo8vfltrot8.i.optimole.com\/w:300\/h:200\/q:mauto\/f:best\/ig:avif\/https:\/\/steaphancubair.com\/wp-content\/uploads\/2020\/05\/felix-mooneeram-evlkOfkQ5rE-unsplash-scaled.jpg 300w, https:\/\/mlo8vfltrot8.i.optimole.com\/w:1024\/h:683\/q:mauto\/f:best\/ig:avif\/https:\/\/steaphancubair.com\/wp-content\/uploads\/2020\/05\/felix-mooneeram-evlkOfkQ5rE-unsplash-scaled.jpg 1024w, https:\/\/mlo8vfltrot8.i.optimole.com\/w:1536\/h:1024\/q:mauto\/f:best\/ig:avif\/https:\/\/steaphancubair.com\/wp-content\/uploads\/2020\/05\/felix-mooneeram-evlkOfkQ5rE-unsplash-scaled.jpg 1536w, https:\/\/mlo8vfltrot8.i.optimole.com\/w:1620\/h:1080\/q:mauto\/f:best\/ig:avif\/https:\/\/steaphancubair.com\/wp-content\/uploads\/2020\/05\/felix-mooneeram-evlkOfkQ5rE-unsplash-scaled.jpg 2048w, https:\/\/mlo8vfltrot8.i.optimole.com\/w:500\/h:333\/q:mauto\/f:best\/ig:avif\/https:\/\/steaphancubair.com\/wp-content\/uploads\/2020\/05\/felix-mooneeram-evlkOfkQ5rE-unsplash-scaled.jpg 500w, https:\/\/mlo8vfltrot8.i.optimole.com\/w:800\/h:533\/q:mauto\/f:best\/ig:avif\/https:\/\/steaphancubair.com\/wp-content\/uploads\/2020\/05\/felix-mooneeram-evlkOfkQ5rE-unsplash-scaled.jpg 800w, https:\/\/mlo8vfltrot8.i.optimole.com\/w:1280\/h:853\/q:mauto\/f:best\/ig:avif\/https:\/\/steaphancubair.com\/wp-content\/uploads\/2020\/05\/felix-mooneeram-evlkOfkQ5rE-unsplash-scaled.jpg 1280w, https:\/\/mlo8vfltrot8.i.optimole.com\/w:1620\/h:1080\/q:mauto\/f:best\/ig:avif\/https:\/\/steaphancubair.com\/wp-content\/uploads\/2020\/05\/felix-mooneeram-evlkOfkQ5rE-unsplash-scaled.jpg 1920w, https:\/\/mlo8vfltrot8.i.optimole.com\/w:930\/h:620\/q:mauto\/f:best\/ig:avif\/https:\/\/steaphancubair.com\/wp-content\/uploads\/2020\/05\/felix-mooneeram-evlkOfkQ5rE-unsplash-scaled.jpg 930w\" \/><noscript><img data-opt-id=1957257902  decoding=\"async\" width=\"768\" height=\"512\" src=\"https:\/\/mlo8vfltrot8.i.optimole.com\/w:768\/h:512\/q:mauto\/f:best\/ig:avif\/https:\/\/steaphancubair.com\/wp-content\/uploads\/2020\/05\/felix-mooneeram-evlkOfkQ5rE-unsplash.jpg\" class=\"attachment-medium_large size-medium_large wp-image-3635\" alt=\"\" srcset=\"https:\/\/mlo8vfltrot8.i.optimole.com\/w:768\/h:512\/q:mauto\/f:best\/ig:avif\/https:\/\/steaphancubair.com\/wp-content\/uploads\/2020\/05\/felix-mooneeram-evlkOfkQ5rE-unsplash-scaled.jpg 768w, https:\/\/mlo8vfltrot8.i.optimole.com\/w:300\/h:200\/q:mauto\/f:best\/ig:avif\/https:\/\/steaphancubair.com\/wp-content\/uploads\/2020\/05\/felix-mooneeram-evlkOfkQ5rE-unsplash-scaled.jpg 300w, https:\/\/mlo8vfltrot8.i.optimole.com\/w:1024\/h:683\/q:mauto\/f:best\/ig:avif\/https:\/\/steaphancubair.com\/wp-content\/uploads\/2020\/05\/felix-mooneeram-evlkOfkQ5rE-unsplash-scaled.jpg 1024w, https:\/\/mlo8vfltrot8.i.optimole.com\/w:1536\/h:1024\/q:mauto\/f:best\/ig:avif\/https:\/\/steaphancubair.com\/wp-content\/uploads\/2020\/05\/felix-mooneeram-evlkOfkQ5rE-unsplash-scaled.jpg 1536w, https:\/\/mlo8vfltrot8.i.optimole.com\/w:1620\/h:1080\/q:mauto\/f:best\/ig:avif\/https:\/\/steaphancubair.com\/wp-content\/uploads\/2020\/05\/felix-mooneeram-evlkOfkQ5rE-unsplash-scaled.jpg 2048w, https:\/\/mlo8vfltrot8.i.optimole.com\/w:500\/h:333\/q:mauto\/f:best\/ig:avif\/https:\/\/steaphancubair.com\/wp-content\/uploads\/2020\/05\/felix-mooneeram-evlkOfkQ5rE-unsplash-scaled.jpg 500w, https:\/\/mlo8vfltrot8.i.optimole.com\/w:800\/h:533\/q:mauto\/f:best\/ig:avif\/https:\/\/steaphancubair.com\/wp-content\/uploads\/2020\/05\/felix-mooneeram-evlkOfkQ5rE-unsplash-scaled.jpg 800w, https:\/\/mlo8vfltrot8.i.optimole.com\/w:1280\/h:853\/q:mauto\/f:best\/ig:avif\/https:\/\/steaphancubair.com\/wp-content\/uploads\/2020\/05\/felix-mooneeram-evlkOfkQ5rE-unsplash-scaled.jpg 1280w, https:\/\/mlo8vfltrot8.i.optimole.com\/w:1620\/h:1080\/q:mauto\/f:best\/ig:avif\/https:\/\/steaphancubair.com\/wp-content\/uploads\/2020\/05\/felix-mooneeram-evlkOfkQ5rE-unsplash-scaled.jpg 1920w, https:\/\/mlo8vfltrot8.i.optimole.com\/w:930\/h:620\/q:mauto\/f:best\/ig:avif\/https:\/\/steaphancubair.com\/wp-content\/uploads\/2020\/05\/felix-mooneeram-evlkOfkQ5rE-unsplash-scaled.jpg 930w\" sizes=\"(max-width: 768px) 100vw, 768px\" \/></noscript><\/div><\/a>\n\t\t\t\t<div class=\"elementor-post__avatar\">\n\t\t\t<img decoding=async data-opt-id=1436150419  fetchpriority=\"high\" alt='Stephan Cooper' src='https:\/\/secure.gravatar.com\/avatar\/4cccb564e5071856cbedea64b97ded6f61cd8d83478e196ac8c02f5be9dbc6a1?s=128&#038;d=mm&#038;r=g' srcset='https:\/\/secure.gravatar.com\/avatar\/4cccb564e5071856cbedea64b97ded6f61cd8d83478e196ac8c02f5be9dbc6a1?s=256&#038;d=mm&#038;r=g 2x' class='avatar avatar-128 photo' height='128' width='128' \/>\t\t<\/div>\n\t\t\t\t<div class=\"elementor-post__text\">\n\t\t\t\t<h3 class=\"elementor-post__title\">\n\t\t\t<a href=\"https:\/\/steaphancubair.com\/fr\/editorials\/knight-so-dark-where-are-you\/\" >\n\t\t\t\tChevalier si noir, o\u00f9 es-tu\u202f?\t\t\t<\/a>\n\t\t<\/h3>\n\t\t\t\t<div class=\"elementor-post__excerpt\">\n\t\t\t<p>Has Batman ultimately sold his soul to commercialisation? I have been reading<\/p>\n\t\t<\/div>\n\t\t\n\t\t<a class=\"elementor-post__read-more\" href=\"https:\/\/steaphancubair.com\/fr\/editorials\/knight-so-dark-where-are-you\/\" aria-label=\"En savoir plus sur Knight so dark, where are you?\" tabindex=\"-1\" >\n\t\t\tEn lire plus\t\t<\/a>\n\n\t\t\t\t<\/div>\n\t\t\t\t<div class=\"elementor-post__meta-data\">\n\t\t\t\t\t<span class=\"elementor-post-author\">\n\t\t\tStephan Cooper\t\t<\/span>\n\t\t\t\t<span class=\"elementor-post-date\">\n\t\t\t2 ao\u00fbt 2008\t\t<\/span>\n\t\t\t\t<span class=\"elementor-post-avatar\">\n\t\t\tAucun commentaire\t\t<\/span>\n\t\t\t\t<\/div>\n\t\t\t\t\t<\/div>\n\t\t<\/article>\n\t\t\t\t<\/div>\n\t\t\n\t\t\t\t\t\t<\/div>\n\t\t\t\t<\/div>\n\t\t\t\t\t<\/div>\n\t\t<\/div>\n\t\t\t\t\t<\/div>\n\t\t<\/section>\n\t\t\t\t<\/div>","protected":false},"excerpt":{"rendered":"","protected":false},"author":1,"featured_media":0,"parent":0,"menu_order":0,"comment_status":"closed","ping_status":"closed","template":"page-templates\/template-pagebuilder-full-width.php","meta":{"om_disable_all_campaigns":false,"_uag_custom_page_level_css":"","_monsterinsights_skip_tracking":false,"_monsterinsights_sitenote_active":false,"_monsterinsights_sitenote_note":"","_monsterinsights_sitenote_category":0,"_uf_show_specific_survey":0,"_uf_disable_surveys":false,"neve_meta_sidebar":"","neve_meta_container":"","neve_meta_enable_content_width":"","neve_meta_content_width":0,"neve_meta_title_alignment":"","neve_meta_author_avatar":"","neve_post_elements_order":"","neve_meta_disable_header":"","neve_meta_disable_footer":"","neve_meta_disable_title":"","_themeisle_gutenberg_block_has_review":false,"footnotes":""},"class_list":["post-4513","page","type-page","status-publish","hentry"],"aioseo_notices":[],"uagb_featured_image_src":{"full":false,"thumbnail":false,"medium":false,"medium_large":false,"large":false,"1536x1536":false,"2048x2048":false,"trp-custom-language-flag":false,"htmega_size_585x295":false,"htmega_size_1170x536":false,"htmega_size_396x360":false,"neve-blog":false,"awb_sm":false,"awb_md":false,"awb_lg":false,"awb_xl":false},"uagb_author_info":{"display_name":"Stephan Cooper","author_link":"https:\/\/steaphancubair.com\/fr\/author\/steaphan\/"},"uagb_comment_info":0,"uagb_excerpt":null,"_links":{"self":[{"href":"https:\/\/steaphancubair.com\/fr\/wp-json\/wp\/v2\/pages\/4513","targetHints":{"allow":["GET"]}}],"collection":[{"href":"https:\/\/steaphancubair.com\/fr\/wp-json\/wp\/v2\/pages"}],"about":[{"href":"https:\/\/steaphancubair.com\/fr\/wp-json\/wp\/v2\/types\/page"}],"author":[{"embeddable":true,"href":"https:\/\/steaphancubair.com\/fr\/wp-json\/wp\/v2\/users\/1"}],"replies":[{"embeddable":true,"href":"https:\/\/steaphancubair.com\/fr\/wp-json\/wp\/v2\/comments?post=4513"}],"version-history":[{"count":19,"href":"https:\/\/steaphancubair.com\/fr\/wp-json\/wp\/v2\/pages\/4513\/revisions"}],"predecessor-version":[{"id":6621,"href":"https:\/\/steaphancubair.com\/fr\/wp-json\/wp\/v2\/pages\/4513\/revisions\/6621"}],"wp:attachment":[{"href":"https:\/\/steaphancubair.com\/fr\/wp-json\/wp\/v2\/media?parent=4513"}],"curies":[{"name":"wp","href":"https:\/\/api.w.org\/{rel}","templated":true}]}}