{"id":5260,"date":"2023-10-12T17:50:45","date_gmt":"2023-10-12T16:50:45","guid":{"rendered":"https:\/\/steaphancubair.com\/?page_id=5260"},"modified":"2023-10-12T16:08:01","modified_gmt":"2023-10-12T15:08:01","slug":"golden-gled","status":"publish","type":"page","link":"https:\/\/steaphancubair.com\/fr\/golden-gled\/","title":{"rendered":"The Golden Gled"},"content":{"rendered":"<div data-elementor-type=\"wp-page\" data-elementor-id=\"5260\" class=\"elementor elementor-5260\" data-elementor-post-type=\"page\">\n\t\t\t\t\t\t<section class=\"elementor-section elementor-top-section elementor-element elementor-element-37d8e3d elementor-section-items-stretch elementor-section-full_width elementor-section-height-min-height elementor-section-height-default\" data-id=\"37d8e3d\" data-element_type=\"section\" data-e-type=\"section\" data-settings=\"{&quot;background_background&quot;:&quot;classic&quot;}\">\n\t\t\t\t\t\t\t<div class=\"elementor-background-overlay\"><\/div>\n\t\t\t\t\t\t\t<div class=\"elementor-container elementor-column-gap-default\">\n\t\t\t\t\t<div class=\"elementor-column elementor-col-33 elementor-top-column elementor-element elementor-element-9296d73\" data-id=\"9296d73\" data-element_type=\"column\" data-e-type=\"column\" data-settings=\"{&quot;background_background&quot;:&quot;classic&quot;}\">\n\t\t\t<div class=\"elementor-widget-wrap elementor-element-populated\">\n\t\t\t\t\t\t<div class=\"elementor-element elementor-element-a95bcf5 elementor-align-center elementor-widget__width-auto elementor-absolute elementor-hidden-phone elementor-icon-list--layout-traditional elementor-list-item-link-full_width elementor-widget elementor-widget-icon-list\" data-id=\"a95bcf5\" data-element_type=\"widget\" data-e-type=\"widget\" data-settings=\"{&quot;_position&quot;:&quot;absolute&quot;}\" data-widget_type=\"icon-list.default\">\n\t\t\t\t<div class=\"elementor-widget-container\">\n\t\t\t\t\t\t\t<ul class=\"elementor-icon-list-items\">\n\t\t\t\t\t\t\t<li class=\"elementor-icon-list-item\">\n\t\t\t\t\t\t\t\t\t\t\t<a href=\"https:\/\/www.facebook.com\/steaphan.cubair\" target=\"_blank\">\n\n\t\t\t\t\t\t\t\t\t\t\t\t<span class=\"elementor-icon-list-icon\">\n\t\t\t\t\t\t\t<i aria-hidden=\"true\" class=\"fab fa-facebook-f\"><\/i>\t\t\t\t\t\t<\/span>\n\t\t\t\t\t\t\t\t\t\t<span class=\"elementor-icon-list-text\"><\/span>\n\t\t\t\t\t\t\t\t\t\t\t<\/a>\n\t\t\t\t\t\t\t\t\t<\/li>\n\t\t\t\t\t\t\t\t<li class=\"elementor-icon-list-item\">\n\t\t\t\t\t\t\t\t\t\t\t<a href=\"https:\/\/twitter.com\/SCubair\" target=\"_blank\">\n\n\t\t\t\t\t\t\t\t\t\t\t\t<span class=\"elementor-icon-list-icon\">\n\t\t\t\t\t\t\t<i aria-hidden=\"true\" class=\"fab fa-twitter\"><\/i>\t\t\t\t\t\t<\/span>\n\t\t\t\t\t\t\t\t\t\t<span class=\"elementor-icon-list-text\"><\/span>\n\t\t\t\t\t\t\t\t\t\t\t<\/a>\n\t\t\t\t\t\t\t\t\t<\/li>\n\t\t\t\t\t\t\t\t<li class=\"elementor-icon-list-item\">\n\t\t\t\t\t\t\t\t\t\t\t<a href=\"https:\/\/www.instagram.com\/steaphancubair\/\" target=\"_blank\">\n\n\t\t\t\t\t\t\t\t\t\t\t\t<span class=\"elementor-icon-list-icon\">\n\t\t\t\t\t\t\t<i aria-hidden=\"true\" class=\"fab fa-linkedin-in\"><\/i>\t\t\t\t\t\t<\/span>\n\t\t\t\t\t\t\t\t\t\t<span class=\"elementor-icon-list-text\"><\/span>\n\t\t\t\t\t\t\t\t\t\t\t<\/a>\n\t\t\t\t\t\t\t\t\t<\/li>\n\t\t\t\t\t\t<\/ul>\n\t\t\t\t\t\t<\/div>\n\t\t\t\t<\/div>\n\t\t\t\t\t<\/div>\n\t\t<\/div>\n\t\t\t\t<div class=\"elementor-column elementor-col-33 elementor-top-column elementor-element elementor-element-9f8aa75\" data-id=\"9f8aa75\" data-element_type=\"column\" data-e-type=\"column\" data-settings=\"{&quot;background_background&quot;:&quot;classic&quot;}\">\n\t\t\t<div class=\"elementor-widget-wrap elementor-element-populated\">\n\t\t\t\t\t\t<div class=\"elementor-element elementor-element-1345527e elementor-widget elementor-widget-heading\" data-id=\"1345527e\" data-element_type=\"widget\" data-e-type=\"widget\" data-widget_type=\"heading.default\">\n\t\t\t\t<div class=\"elementor-widget-container\">\n\t\t\t\t\t<h2 class=\"elementor-heading-title elementor-size-default\">Tout ce qu'il faut savoir<\/h2>\t\t\t\t<\/div>\n\t\t\t\t<\/div>\n\t\t\t\t<div class=\"elementor-element elementor-element-f017388 elementor-widget elementor-widget-heading\" data-id=\"f017388\" data-element_type=\"widget\" data-e-type=\"widget\" data-widget_type=\"heading.default\">\n\t\t\t\t<div class=\"elementor-widget-container\">\n\t\t\t\t\t<h1 class=\"elementor-heading-title elementor-size-default\">Plongez au c\u0153ur des R\u00e9cits de Sorcellerie, des Histoires de Fant\u00f4mes, et autres Traditions Locales de l'\u00c9cosse au travers de saisissantes investigations supernaturelles.<\/h1>\t\t\t\t<\/div>\n\t\t\t\t<\/div>\n\t\t\t\t<div class=\"elementor-element elementor-element-13ea3c78 elementor-widget elementor-widget-text-editor\" data-id=\"13ea3c78\" data-element_type=\"widget\" data-e-type=\"widget\" data-widget_type=\"text-editor.default\">\n\t\t\t\t<div class=\"elementor-widget-container\">\n\t\t\t\t\t\t\t\t\t<p>Les int\u00e9r\u00eats de Stephan s'\u00e9tendent au-del\u00e0 des th\u00e8mes de la science-fiction. Ils recouvrent aussi les l\u00e9gendes, les folklores, les mythologies, l'\u00e9sot\u00e9risme et la magie. Les livres pr\u00e9sent\u00e9s ici combinent ces mati\u00e8res dans une s\u00e9rie d'intrigues paranormales contemporaines r\u00e9solues par six jeunes adultes que, initialement, tout oppose. Et, que meilleur cadre choisir que le pays d'adoption de Stephan comme cadre de leurs aventures.<\/p>\t\t\t\t\t\t\t\t<\/div>\n\t\t\t\t<\/div>\n\t\t\t\t\t<\/div>\n\t\t<\/div>\n\t\t\t\t<div class=\"elementor-column elementor-col-33 elementor-top-column elementor-element elementor-element-906789a\" data-id=\"906789a\" data-element_type=\"column\" data-e-type=\"column\" data-settings=\"{&quot;background_background&quot;:&quot;classic&quot;,&quot;animation&quot;:&quot;none&quot;}\">\n\t\t\t<div class=\"elementor-widget-wrap elementor-element-populated\">\n\t\t\t\t\t\t<div class=\"elementor-element elementor-element-8e36c58 elementor-widget elementor-widget-image\" data-id=\"8e36c58\" data-element_type=\"widget\" data-e-type=\"widget\" data-widget_type=\"image.default\">\n\t\t\t\t<div class=\"elementor-widget-container\">\n\t\t\t\t\t\t\t\t\t\t\t\t\t\t\t<img data-opt-id=1337479087  fetchpriority=\"high\" decoding=\"async\" src=\"https:\/\/mlo8vfltrot8.i.optimole.com\/w:400\/h:400\/q:mauto\/f:best\/ig:avif\/https:\/\/steaphancubair.com\/wp-content\/uploads\/2021\/06\/20.png\" title=\"20\" alt=\"20\" loading=\"lazy\" \/>\t\t\t\t\t\t\t\t\t\t\t\t\t\t\t<\/div>\n\t\t\t\t<\/div>\n\t\t\t\t\t<\/div>\n\t\t<\/div>\n\t\t\t\t\t<\/div>\n\t\t<\/section>\n\t\t\t\t<section class=\"elementor-section elementor-top-section elementor-element elementor-element-61dcb5e9 elementor-section-height-min-height elementor-section-items-stretch elementor-reverse-tablet elementor-reverse-mobile elementor-section-full_width elementor-section-height-default\" data-id=\"61dcb5e9\" data-element_type=\"section\" data-e-type=\"section\" data-settings=\"{&quot;background_background&quot;:&quot;classic&quot;}\">\n\t\t\t\t\t\t<div class=\"elementor-container elementor-column-gap-default\">\n\t\t\t\t\t<div class=\"elementor-column elementor-col-50 elementor-top-column elementor-element elementor-element-6d18b9bd\" data-id=\"6d18b9bd\" data-element_type=\"column\" data-e-type=\"column\" data-settings=\"{&quot;background_background&quot;:&quot;classic&quot;}\">\n\t\t\t<div class=\"elementor-widget-wrap elementor-element-populated\">\n\t\t\t\t\t\t<div class=\"elementor-element elementor-element-a591d00 elementor-widget elementor-widget-image\" data-id=\"a591d00\" data-element_type=\"widget\" data-e-type=\"widget\" data-widget_type=\"image.default\">\n\t\t\t\t<div class=\"elementor-widget-container\">\n\t\t\t\t\t\t\t\t\t\t\t\t\t\t\t<img data-opt-id=199624742  fetchpriority=\"high\" decoding=\"async\" src=\"https:\/\/mlo8vfltrot8.i.optimole.com\/w:500\/h:500\/q:mauto\/f:best\/ig:avif\/https:\/\/steaphancubair.com\/wp-content\/uploads\/2021\/06\/21.png\" title=\"21\" alt=\"21\" loading=\"lazy\" \/>\t\t\t\t\t\t\t\t\t\t\t\t\t\t\t<\/div>\n\t\t\t\t<\/div>\n\t\t\t\t\t<\/div>\n\t\t<\/div>\n\t\t\t\t<div class=\"elementor-column elementor-col-50 elementor-top-column elementor-element elementor-element-1eaebc98\" data-id=\"1eaebc98\" data-element_type=\"column\" data-e-type=\"column\">\n\t\t\t<div class=\"elementor-widget-wrap elementor-element-populated\">\n\t\t\t\t\t\t<div class=\"elementor-element elementor-element-2e0be2ce elementor-widget elementor-widget-heading\" data-id=\"2e0be2ce\" data-element_type=\"widget\" data-e-type=\"widget\" data-widget_type=\"heading.default\">\n\t\t\t\t<div class=\"elementor-widget-container\">\n\t\t\t\t\t<h3 class=\"elementor-heading-title elementor-size-default\"><a href=\"https:\/\/steaphancubair.com\/fr\/greenwitchandredlion\/\">La Sorci\u00e8re et le Lion<\/a><\/h3>\t\t\t\t<\/div>\n\t\t\t\t<\/div>\n\t\t\t\t<div class=\"elementor-element elementor-element-7e7b15e8 elementor-widget elementor-widget-text-editor\" data-id=\"7e7b15e8\" data-element_type=\"widget\" data-e-type=\"widget\" data-widget_type=\"text-editor.default\">\n\t\t\t\t<div class=\"elementor-widget-container\">\n\t\t\t\t\t\t\t\t\t<p>Agn\u00e8s Sampson \u00e9tait une gu\u00e9risseuse respect\u00e9e et appr\u00e9ci\u00e9e dans l'\u00c9cosse du XVIe si\u00e8cle. Happ\u00e9e dans une intrigue politique, la \u00ab Sage Femme de Keith \u00bb devint la sorci\u00e8re \u00e0 abattre, accus\u00e9e d'avoir complot\u00e9 contre la vie de Jacques VI d'\u00c9cosse, sur ordre du Diable. Ayant commis un crime contre Dieu et l\u2019Oint du Seigneur, elle fut soumise \u00e0 la question et br\u00fbl\u00e9e sur le b\u00fbcher, son esprit condamn\u00e9 \u00e0 errer pour l'\u00e9ternit\u00e9 dans le Palais de Holyroodhouse.<\/p><p>Quatre cent trente ans plus tard, un myst\u00e9rieux n\u00e9cromancien se ligue avec son fant\u00f4me, lui prodiguant les moyens d'obtenir une juste vengeance. Tr\u00e8s vite, le duo provoque le chaos dans la ville d'\u00c9dimbourg, avec un unique objectif : la perte de Charles III, r\u00e9cemment couronn\u00e9. Il subira le ch\u00e2timent d\u00fb par son anc\u00eatre en r\u00e9tribution de ses subterfuges m\u00e9prisables.<\/p><p>Mais, voil\u00e0 qu'un groupe de cinq \u00e9tudiants internationaux guid\u00e9 par Fran\u00e7ois, un \u00e9rudit timide, assist\u00e9s d'un wiccan local, croise accidentellement le chemin du tandem mal\u00e9fique, contrariant leur plan parfait. S'ensuit une lutte implacable associant les descendants d'Agn\u00e8s sur fond de magie, d\u2019amour et de trahison, la torturant une deuxi\u00e8me fois et mettant en p\u00e9ril la r\u00e9demption de son \u00e2me.<\/p><p>Intensifiez votre exp\u00e9rience en \u00e9coutant les musiques qui ont inspir\u00e9 l'histoire <span style=\"text-decoration: underline;\"><a href=\"https:\/\/steaphancubair.com\/fr\/food-for-the-soul\/\">ici<\/a><\/span>.<\/p>\t\t\t\t\t\t\t\t<\/div>\n\t\t\t\t<\/div>\n\t\t\t\t\t<\/div>\n\t\t<\/div>\n\t\t\t\t\t<\/div>\n\t\t<\/section>\n\t\t\t\t<section class=\"elementor-section elementor-top-section elementor-element elementor-element-b71439b elementor-section-height-min-height elementor-section-items-stretch elementor-section-full_width elementor-section-height-default\" data-id=\"b71439b\" data-element_type=\"section\" data-e-type=\"section\" data-settings=\"{&quot;background_background&quot;:&quot;classic&quot;}\">\n\t\t\t\t\t\t<div class=\"elementor-container elementor-column-gap-default\">\n\t\t\t\t\t<div class=\"elementor-column elementor-col-50 elementor-top-column elementor-element elementor-element-6324ab35\" data-id=\"6324ab35\" data-element_type=\"column\" data-e-type=\"column\">\n\t\t\t<div class=\"elementor-widget-wrap elementor-element-populated\">\n\t\t\t\t\t\t\t<\/div>\n\t\t<\/div>\n\t\t\t\t<div class=\"elementor-column elementor-col-50 elementor-top-column elementor-element elementor-element-7b27f5c7\" data-id=\"7b27f5c7\" data-element_type=\"column\" data-e-type=\"column\" data-settings=\"{&quot;background_background&quot;:&quot;classic&quot;}\">\n\t\t\t<div class=\"elementor-widget-wrap elementor-element-populated\">\n\t\t\t\t\t\t\t<\/div>\n\t\t<\/div>\n\t\t\t\t\t<\/div>\n\t\t<\/section>\n\t\t\t\t<\/div>","protected":false},"excerpt":{"rendered":"<p>Read all about it Discover Scotland&#8217;s Witchcraft tales, Ghosts stories, and other local lore through gripping supernatural investigations Stephan&#8217;s interests extend beyond science fiction themes. They also cover legends, folklore, mythology, esotericism, and magic. The following books combine these fields in a series of contemporary paranormal intrigues waiting to be resolved by six young adults&hellip;&nbsp;<a href=\"https:\/\/steaphancubair.com\/fr\/golden-gled\/\" rel=\"bookmark\">Lire la suite &raquo;<span class=\"screen-reader-text\">The Golden Gled<\/span><\/a><\/p>","protected":false},"author":1,"featured_media":0,"parent":0,"menu_order":0,"comment_status":"closed","ping_status":"closed","template":"page-templates\/template-pagebuilder-full-width.php","meta":{"om_disable_all_campaigns":false,"_uag_custom_page_level_css":"","_monsterinsights_skip_tracking":false,"_monsterinsights_sitenote_active":false,"_monsterinsights_sitenote_note":"","_monsterinsights_sitenote_category":0,"_uf_show_specific_survey":0,"_uf_disable_surveys":false,"neve_meta_sidebar":"full-width","neve_meta_container":"","neve_meta_enable_content_width":"on","neve_meta_content_width":100,"neve_meta_title_alignment":"","neve_meta_author_avatar":"","neve_post_elements_order":"","neve_meta_disable_header":"","neve_meta_disable_footer":"","neve_meta_disable_title":"on","_themeisle_gutenberg_block_has_review":false,"footnotes":""},"class_list":["post-5260","page","type-page","status-publish","hentry"],"aioseo_notices":[],"uagb_featured_image_src":{"full":false,"thumbnail":false,"medium":false,"medium_large":false,"large":false,"1536x1536":false,"2048x2048":false,"trp-custom-language-flag":false,"htmega_size_585x295":false,"htmega_size_1170x536":false,"htmega_size_396x360":false,"neve-blog":false,"awb_sm":false,"awb_md":false,"awb_lg":false,"awb_xl":false},"uagb_author_info":{"display_name":"Stephan Cooper","author_link":"https:\/\/steaphancubair.com\/fr\/author\/steaphan\/"},"uagb_comment_info":0,"uagb_excerpt":"Read all about it Discover Scotland&#8217;s Witchcraft tales, Ghosts stories, and other local lore through gripping supernatural investigations Stephan&#8217;s interests extend beyond science fiction themes. They also cover legends, folklore, mythology, esotericism, and magic. The following books combine these fields in a series of contemporary paranormal intrigues waiting to be resolved by six young adults&hellip;&nbsp;Lire\u2026","_links":{"self":[{"href":"https:\/\/steaphancubair.com\/fr\/wp-json\/wp\/v2\/pages\/5260","targetHints":{"allow":["GET"]}}],"collection":[{"href":"https:\/\/steaphancubair.com\/fr\/wp-json\/wp\/v2\/pages"}],"about":[{"href":"https:\/\/steaphancubair.com\/fr\/wp-json\/wp\/v2\/types\/page"}],"author":[{"embeddable":true,"href":"https:\/\/steaphancubair.com\/fr\/wp-json\/wp\/v2\/users\/1"}],"replies":[{"embeddable":true,"href":"https:\/\/steaphancubair.com\/fr\/wp-json\/wp\/v2\/comments?post=5260"}],"version-history":[{"count":185,"href":"https:\/\/steaphancubair.com\/fr\/wp-json\/wp\/v2\/pages\/5260\/revisions"}],"predecessor-version":[{"id":7328,"href":"https:\/\/steaphancubair.com\/fr\/wp-json\/wp\/v2\/pages\/5260\/revisions\/7328"}],"wp:attachment":[{"href":"https:\/\/steaphancubair.com\/fr\/wp-json\/wp\/v2\/media?parent=5260"}],"curies":[{"name":"wp","href":"https:\/\/api.w.org\/{rel}","templated":true}]}}