{"id":5683,"date":"2021-08-05T10:51:02","date_gmt":"2021-08-05T09:51:02","guid":{"rendered":"https:\/\/steaphancubair.com\/?page_id=5683"},"modified":"2022-12-25T16:43:28","modified_gmt":"2022-12-25T16:43:28","slug":"just-food","status":"publish","type":"page","link":"https:\/\/steaphancubair.com\/fr\/just-food\/","title":{"rendered":"Aliments"},"content":{"rendered":"<div data-elementor-type=\"wp-page\" data-elementor-id=\"5683\" class=\"elementor elementor-5683\" data-elementor-post-type=\"page\">\n\t\t\t\t\t\t<section class=\"elementor-section elementor-top-section elementor-element elementor-element-16bf1b2c elementor-section-height-min-height elementor-section-full_width elementor-section-height-default elementor-section-items-middle\" data-id=\"16bf1b2c\" data-element_type=\"section\" data-e-type=\"section\" data-settings=\"{&quot;background_background&quot;:&quot;classic&quot;}\">\n\t\t\t\t\t\t<div class=\"elementor-container elementor-column-gap-default\">\n\t\t\t\t\t<div class=\"elementor-column elementor-col-100 elementor-top-column elementor-element elementor-element-2f43ccbb\" data-id=\"2f43ccbb\" data-element_type=\"column\" data-e-type=\"column\">\n\t\t\t<div class=\"elementor-widget-wrap elementor-element-populated\">\n\t\t\t\t\t\t<div class=\"elementor-element elementor-element-a568940 elementor-widget elementor-widget-heading\" data-id=\"a568940\" data-element_type=\"widget\" data-e-type=\"widget\" data-widget_type=\"heading.default\">\n\t\t\t\t<div class=\"elementor-widget-container\">\n\t\t\t\t\t<h2 class=\"elementor-heading-title elementor-size-default\">Rien ne vaut de cuisiner quelque chose de d\u00e9licieux pour \u00e9claircir l'esprit apr\u00e8s plusieurs heures d'\u00e9criture... <\/h2>\t\t\t\t<\/div>\n\t\t\t\t<\/div>\n\t\t\t\t\t<\/div>\n\t\t<\/div>\n\t\t\t\t\t<\/div>\n\t\t<\/section>\n\t\t\t\t<section class=\"elementor-section elementor-top-section elementor-element elementor-element-6039004 elementor-section-boxed elementor-section-height-default elementor-section-height-default\" data-id=\"6039004\" data-element_type=\"section\" data-e-type=\"section\">\n\t\t\t\t\t\t<div class=\"elementor-container elementor-column-gap-default\">\n\t\t\t\t\t<div class=\"elementor-column elementor-col-100 elementor-top-column elementor-element elementor-element-614074f\" data-id=\"614074f\" data-element_type=\"column\" data-e-type=\"column\" data-settings=\"{&quot;background_background&quot;:&quot;classic&quot;}\">\n\t\t\t<div class=\"elementor-widget-wrap elementor-element-populated\">\n\t\t\t\t\t\t<div class=\"elementor-element elementor-element-7d5e3dd elementor-widget elementor-widget-gallery\" data-id=\"7d5e3dd\" data-element_type=\"widget\" data-e-type=\"widget\" data-settings=\"{&quot;gallery_layout&quot;:&quot;masonry&quot;,&quot;gap&quot;:{&quot;unit&quot;:&quot;px&quot;,&quot;size&quot;:15,&quot;sizes&quot;:[]},&quot;overlay_title&quot;:&quot;caption&quot;,&quot;lazyload&quot;:&quot;yes&quot;,&quot;columns&quot;:4,&quot;columns_tablet&quot;:2,&quot;columns_mobile&quot;:1,&quot;gap_tablet&quot;:{&quot;unit&quot;:&quot;px&quot;,&quot;size&quot;:10,&quot;sizes&quot;:[]},&quot;gap_mobile&quot;:{&quot;unit&quot;:&quot;px&quot;,&quot;size&quot;:10,&quot;sizes&quot;:[]},&quot;link_to&quot;:&quot;file&quot;,&quot;overlay_background&quot;:&quot;yes&quot;,&quot;content_hover_animation&quot;:&quot;fade-in&quot;}\" data-widget_type=\"gallery.default\">\n\t\t\t\t<div class=\"elementor-widget-container\">\n\t\t\t\t\t\t\t<div class=\"elementor-gallery__container\">\n\t\t\t\t\t\t\t<a class=\"e-gallery-item elementor-gallery-item elementor-animated-content\" href=\"https:\/\/mlo8vfltrot8.i.optimole.com\/w:867\/h:1080\/q:mauto\/f:best\/ig:avif\/https:\/\/steaphancubair.com\/wp-content\/uploads\/2021\/08\/20210723_151634-scaled.jpg\" data-elementor-open-lightbox=\"yes\" data-elementor-lightbox-slideshow=\"7d5e3dd\" data-elementor-lightbox-title=\"Hotteok\" data-e-action-hash=\"#elementor-action%3Aaction%3Dlightbox%26settings%3DeyJpZCI6NTY5MywidXJsIjoiaHR0cHM6XC9cL3N0ZWFwaGFuY3ViYWlyLmNvbVwvd3AtY29udGVudFwvdXBsb2Fkc1wvMjAyMVwvMDhcLzIwMjEwNzIzXzE1MTYzNC1zY2FsZWQuanBnIiwic2xpZGVzaG93IjoiN2Q1ZTNkZCJ9\">\n\t\t\t\t\t<div class=\"e-gallery-image elementor-gallery-item__image\" data-thumbnail=\"https:\/\/mlo8vfltrot8.i.optimole.com\/w:300\/h:300\/q:mauto\/f:best\/ig:avif\/https:\/\/steaphancubair.com\/wp-content\/uploads\/2021\/08\/20210723_151634-scaled.jpg\" data-width=\"300\" data-height=\"300\" aria-label=\"\" role=\"img\" ><\/div>\n\t\t\t\t\t\t\t\t\t\t\t<div class=\"elementor-gallery-item__overlay\"><\/div>\n\t\t\t\t\t\t\t\t\t\t\t\t\t\t\t<div class=\"elementor-gallery-item__content\">\n\t\t\t\t\t\t\t\t\t\t\t\t\t\t<div class=\"elementor-gallery-item__title\">\n\t\t\t\t\t\t\t\t\t\t\t\t\t\t\t\t\t\tHotteok\t\t\t\t\t\t\t\t<\/div>\n\t\t\t\t\t\t\t\t\t\t\t\t<\/div>\n\t\t\t\t\t\t\t\t\t<\/a>\n\t\t\t\t\t\t\t<a class=\"e-gallery-item elementor-gallery-item elementor-animated-content\" href=\"https:\/\/mlo8vfltrot8.i.optimole.com\/w:1000\/h:1080\/q:mauto\/f:best\/ig:avif\/https:\/\/steaphancubair.com\/wp-content\/uploads\/2021\/08\/20210402_113741-scaled.jpg\" data-elementor-open-lightbox=\"yes\" data-elementor-lightbox-slideshow=\"7d5e3dd\" data-elementor-lightbox-title=\"Milhassou\" data-e-action-hash=\"#elementor-action%3Aaction%3Dlightbox%26settings%3DeyJpZCI6NTY5NCwidXJsIjoiaHR0cHM6XC9cL3N0ZWFwaGFuY3ViYWlyLmNvbVwvd3AtY29udGVudFwvdXBsb2Fkc1wvMjAyMVwvMDhcLzIwMjEwNDAyXzExMzc0MS1zY2FsZWQuanBnIiwic2xpZGVzaG93IjoiN2Q1ZTNkZCJ9\">\n\t\t\t\t\t<div class=\"e-gallery-image elementor-gallery-item__image\" data-thumbnail=\"https:\/\/mlo8vfltrot8.i.optimole.com\/w:300\/h:300\/q:mauto\/f:best\/ig:avif\/https:\/\/steaphancubair.com\/wp-content\/uploads\/2021\/08\/20210402_113741-scaled.jpg\" data-width=\"300\" data-height=\"300\" aria-label=\"\" role=\"img\" ><\/div>\n\t\t\t\t\t\t\t\t\t\t\t<div class=\"elementor-gallery-item__overlay\"><\/div>\n\t\t\t\t\t\t\t\t\t\t\t\t\t\t\t<div class=\"elementor-gallery-item__content\">\n\t\t\t\t\t\t\t\t\t\t\t\t\t\t<div class=\"elementor-gallery-item__title\">\n\t\t\t\t\t\t\t\t\t\t\t\t\t\t\t\t\t\tMilhassou\t\t\t\t\t\t\t\t<\/div>\n\t\t\t\t\t\t\t\t\t\t\t\t<\/div>\n\t\t\t\t\t\t\t\t\t<\/a>\n\t\t\t\t\t\t\t<a class=\"e-gallery-item elementor-gallery-item elementor-animated-content\" href=\"https:\/\/mlo8vfltrot8.i.optimole.com\/w:1324\/h:1080\/q:mauto\/f:best\/ig:avif\/https:\/\/steaphancubair.com\/wp-content\/uploads\/2021\/08\/20210723_151040-scaled.jpg\" data-elementor-open-lightbox=\"yes\" data-elementor-lightbox-slideshow=\"7d5e3dd\" data-elementor-lightbox-title=\"Pajeon\" data-e-action-hash=\"#elementor-action%3Aaction%3Dlightbox%26settings%3DeyJpZCI6NTY5MiwidXJsIjoiaHR0cHM6XC9cL3N0ZWFwaGFuY3ViYWlyLmNvbVwvd3AtY29udGVudFwvdXBsb2Fkc1wvMjAyMVwvMDhcLzIwMjEwNzIzXzE1MTA0MC1zY2FsZWQuanBnIiwic2xpZGVzaG93IjoiN2Q1ZTNkZCJ9\">\n\t\t\t\t\t<div class=\"e-gallery-image elementor-gallery-item__image\" data-thumbnail=\"https:\/\/mlo8vfltrot8.i.optimole.com\/w:300\/h:300\/q:mauto\/f:best\/ig:avif\/https:\/\/steaphancubair.com\/wp-content\/uploads\/2021\/08\/20210723_151040-scaled.jpg\" data-width=\"300\" data-height=\"300\" aria-label=\"\" role=\"img\" ><\/div>\n\t\t\t\t\t\t\t\t\t\t\t<div class=\"elementor-gallery-item__overlay\"><\/div>\n\t\t\t\t\t\t\t\t\t\t\t\t\t\t\t<div class=\"elementor-gallery-item__content\">\n\t\t\t\t\t\t\t\t\t\t\t\t\t\t<div class=\"elementor-gallery-item__title\">\n\t\t\t\t\t\t\t\t\t\t\t\t\t\t\t\t\t\tPajeon\t\t\t\t\t\t\t\t<\/div>\n\t\t\t\t\t\t\t\t\t\t\t\t<\/div>\n\t\t\t\t\t\t\t\t\t<\/a>\n\t\t\t\t\t\t\t<a class=\"e-gallery-item elementor-gallery-item elementor-animated-content\" href=\"https:\/\/mlo8vfltrot8.i.optimole.com\/w:915\/h:1080\/q:mauto\/f:best\/ig:avif\/https:\/\/steaphancubair.com\/wp-content\/uploads\/2022\/01\/Paella.jpg\" data-elementor-open-lightbox=\"yes\" data-elementor-lightbox-slideshow=\"7d5e3dd\" data-elementor-lightbox-title=\"Paella\" data-e-action-hash=\"#elementor-action%3Aaction%3Dlightbox%26settings%3DeyJpZCI6NjA1MiwidXJsIjoiaHR0cHM6XC9cL3N0ZWFwaGFuY3ViYWlyLmNvbVwvd3AtY29udGVudFwvdXBsb2Fkc1wvMjAyMlwvMDFcL1BhZWxsYS5qcGciLCJzbGlkZXNob3ciOiI3ZDVlM2RkIn0%3D\">\n\t\t\t\t\t<div class=\"e-gallery-image elementor-gallery-item__image\" data-thumbnail=\"https:\/\/mlo8vfltrot8.i.optimole.com\/w:300\/h:300\/q:mauto\/f:best\/ig:avif\/https:\/\/steaphancubair.com\/wp-content\/uploads\/2022\/01\/Paella.jpg\" data-width=\"300\" data-height=\"300\" aria-label=\"\" role=\"img\" ><\/div>\n\t\t\t\t\t\t\t\t\t\t\t<div class=\"elementor-gallery-item__overlay\"><\/div>\n\t\t\t\t\t\t\t\t\t\t\t\t\t\t\t<div class=\"elementor-gallery-item__content\">\n\t\t\t\t\t\t\t\t\t\t\t\t\t\t<div class=\"elementor-gallery-item__title\">\n\t\t\t\t\t\t\t\t\t\t\t\t\t\t\t\t\t\tPaella\t\t\t\t\t\t\t\t<\/div>\n\t\t\t\t\t\t\t\t\t\t\t\t<\/div>\n\t\t\t\t\t\t\t\t\t<\/a>\n\t\t\t\t\t\t\t<a class=\"e-gallery-item elementor-gallery-item elementor-animated-content\" href=\"https:\/\/mlo8vfltrot8.i.optimole.com\/w:1044\/h:1080\/q:mauto\/f:best\/ig:avif\/https:\/\/steaphancubair.com\/wp-content\/uploads\/2021\/08\/20210725_135453-scaled.jpg\" data-elementor-open-lightbox=\"yes\" data-elementor-lightbox-slideshow=\"7d5e3dd\" data-elementor-lightbox-title=\"Korean Fried Chicken\" data-e-action-hash=\"#elementor-action%3Aaction%3Dlightbox%26settings%3DeyJpZCI6NTY5MSwidXJsIjoiaHR0cHM6XC9cL3N0ZWFwaGFuY3ViYWlyLmNvbVwvd3AtY29udGVudFwvdXBsb2Fkc1wvMjAyMVwvMDhcLzIwMjEwNzI1XzEzNTQ1My1zY2FsZWQuanBnIiwic2xpZGVzaG93IjoiN2Q1ZTNkZCJ9\">\n\t\t\t\t\t<div class=\"e-gallery-image elementor-gallery-item__image\" data-thumbnail=\"https:\/\/mlo8vfltrot8.i.optimole.com\/w:300\/h:300\/q:mauto\/f:best\/ig:avif\/https:\/\/steaphancubair.com\/wp-content\/uploads\/2021\/08\/20210725_135453-scaled.jpg\" data-width=\"300\" data-height=\"300\" aria-label=\"\" role=\"img\" ><\/div>\n\t\t\t\t\t\t\t\t\t\t\t<div class=\"elementor-gallery-item__overlay\"><\/div>\n\t\t\t\t\t\t\t\t\t\t\t\t\t\t\t<div class=\"elementor-gallery-item__content\">\n\t\t\t\t\t\t\t\t\t\t\t\t\t\t<div class=\"elementor-gallery-item__title\">\n\t\t\t\t\t\t\t\t\t\t\t\t\t\t\t\t\t\tKorean Fried Chicken\t\t\t\t\t\t\t\t<\/div>\n\t\t\t\t\t\t\t\t\t\t\t\t<\/div>\n\t\t\t\t\t\t\t\t\t<\/a>\n\t\t\t\t\t<\/div>\n\t\t\t\t\t<\/div>\n\t\t\t\t<\/div>\n\t\t\t\t\t<\/div>\n\t\t<\/div>\n\t\t\t\t\t<\/div>\n\t\t<\/section>\n\t\t\t\t<\/div>","protected":false},"excerpt":{"rendered":"<p>Nothing beats cooking something delicious to clear your mind after several hours of writing&#8230; Paella Korean Fried Chicken Hotteok Pajeon Milhassou<\/p>","protected":false},"author":1,"featured_media":0,"parent":0,"menu_order":0,"comment_status":"closed","ping_status":"closed","template":"page-templates\/template-pagebuilder-full-width.php","meta":{"om_disable_all_campaigns":false,"_uag_custom_page_level_css":"","_monsterinsights_skip_tracking":false,"_monsterinsights_sitenote_active":false,"_monsterinsights_sitenote_note":"","_monsterinsights_sitenote_category":0,"_uf_show_specific_survey":0,"_uf_disable_surveys":false,"neve_meta_sidebar":"","neve_meta_container":"","neve_meta_enable_content_width":"off","neve_meta_content_width":0,"neve_meta_title_alignment":"","neve_meta_author_avatar":"","neve_post_elements_order":"","neve_meta_disable_header":"","neve_meta_disable_footer":"","neve_meta_disable_title":"","_themeisle_gutenberg_block_has_review":false,"footnotes":""},"class_list":["post-5683","page","type-page","status-publish","hentry"],"aioseo_notices":[],"uagb_featured_image_src":{"full":false,"thumbnail":false,"medium":false,"medium_large":false,"large":false,"1536x1536":false,"2048x2048":false,"trp-custom-language-flag":false,"htmega_size_585x295":false,"htmega_size_1170x536":false,"htmega_size_396x360":false,"neve-blog":false,"awb_sm":false,"awb_md":false,"awb_lg":false,"awb_xl":false},"uagb_author_info":{"display_name":"Stephan Cooper","author_link":"https:\/\/steaphancubair.com\/fr\/author\/steaphan\/"},"uagb_comment_info":0,"uagb_excerpt":"Nothing beats cooking something delicious to clear your mind after several hours of writing&#8230; Paella Korean Fried Chicken Hotteok Pajeon Milhassou","_links":{"self":[{"href":"https:\/\/steaphancubair.com\/fr\/wp-json\/wp\/v2\/pages\/5683","targetHints":{"allow":["GET"]}}],"collection":[{"href":"https:\/\/steaphancubair.com\/fr\/wp-json\/wp\/v2\/pages"}],"about":[{"href":"https:\/\/steaphancubair.com\/fr\/wp-json\/wp\/v2\/types\/page"}],"author":[{"embeddable":true,"href":"https:\/\/steaphancubair.com\/fr\/wp-json\/wp\/v2\/users\/1"}],"replies":[{"embeddable":true,"href":"https:\/\/steaphancubair.com\/fr\/wp-json\/wp\/v2\/comments?post=5683"}],"version-history":[{"count":52,"href":"https:\/\/steaphancubair.com\/fr\/wp-json\/wp\/v2\/pages\/5683\/revisions"}],"predecessor-version":[{"id":6602,"href":"https:\/\/steaphancubair.com\/fr\/wp-json\/wp\/v2\/pages\/5683\/revisions\/6602"}],"wp:attachment":[{"href":"https:\/\/steaphancubair.com\/fr\/wp-json\/wp\/v2\/media?parent=5683"}],"curies":[{"name":"wp","href":"https:\/\/api.w.org\/{rel}","templated":true}]}}