{"id":7324,"date":"2023-10-12T16:18:10","date_gmt":"2023-10-12T15:18:10","guid":{"rendered":"https:\/\/steaphancubair.com\/?page_id=7324"},"modified":"2023-10-13T00:05:16","modified_gmt":"2023-10-12T23:05:16","slug":"egyptian-princess","status":"publish","type":"page","link":"https:\/\/steaphancubair.com\/fr\/egyptian-princess\/","title":{"rendered":"La Princesse \u00e9gyptienne"},"content":{"rendered":"<div data-elementor-type=\"wp-page\" data-elementor-id=\"7324\" class=\"elementor elementor-7324\" data-elementor-post-type=\"page\">\n\t\t\t\t\t\t<section class=\"elementor-section elementor-top-section elementor-element elementor-element-37d8e3d elementor-section-items-stretch elementor-section-full_width elementor-section-height-min-height elementor-section-height-default\" data-id=\"37d8e3d\" data-element_type=\"section\" data-e-type=\"section\" data-settings=\"{&quot;background_background&quot;:&quot;classic&quot;}\">\n\t\t\t\t\t\t<div class=\"elementor-container elementor-column-gap-default\">\n\t\t\t\t\t<div class=\"elementor-column elementor-col-33 elementor-top-column elementor-element elementor-element-9296d73\" data-id=\"9296d73\" data-element_type=\"column\" data-e-type=\"column\" data-settings=\"{&quot;background_background&quot;:&quot;classic&quot;}\">\n\t\t\t<div class=\"elementor-widget-wrap elementor-element-populated\">\n\t\t\t\t\t\t<div class=\"elementor-element elementor-element-a95bcf5 elementor-align-center elementor-widget__width-auto elementor-absolute elementor-hidden-phone elementor-icon-list--layout-traditional elementor-list-item-link-full_width elementor-widget elementor-widget-icon-list\" data-id=\"a95bcf5\" data-element_type=\"widget\" data-e-type=\"widget\" data-settings=\"{&quot;_position&quot;:&quot;absolute&quot;}\" data-widget_type=\"icon-list.default\">\n\t\t\t\t<div class=\"elementor-widget-container\">\n\t\t\t\t\t\t\t<ul class=\"elementor-icon-list-items\">\n\t\t\t\t\t\t\t<li class=\"elementor-icon-list-item\">\n\t\t\t\t\t\t\t\t\t\t\t<a href=\"https:\/\/www.facebook.com\/steaphan.cubair\" target=\"_blank\">\n\n\t\t\t\t\t\t\t\t\t\t\t\t<span class=\"elementor-icon-list-icon\">\n\t\t\t\t\t\t\t<i aria-hidden=\"true\" class=\"fab fa-facebook-f\"><\/i>\t\t\t\t\t\t<\/span>\n\t\t\t\t\t\t\t\t\t\t<span class=\"elementor-icon-list-text\"><\/span>\n\t\t\t\t\t\t\t\t\t\t\t<\/a>\n\t\t\t\t\t\t\t\t\t<\/li>\n\t\t\t\t\t\t\t\t<li class=\"elementor-icon-list-item\">\n\t\t\t\t\t\t\t\t\t\t\t<a href=\"https:\/\/twitter.com\/SCubair\" target=\"_blank\">\n\n\t\t\t\t\t\t\t\t\t\t\t\t<span class=\"elementor-icon-list-icon\">\n\t\t\t\t\t\t\t<i aria-hidden=\"true\" class=\"fab fa-twitter\"><\/i>\t\t\t\t\t\t<\/span>\n\t\t\t\t\t\t\t\t\t\t<span class=\"elementor-icon-list-text\"><\/span>\n\t\t\t\t\t\t\t\t\t\t\t<\/a>\n\t\t\t\t\t\t\t\t\t<\/li>\n\t\t\t\t\t\t\t\t<li class=\"elementor-icon-list-item\">\n\t\t\t\t\t\t\t\t\t\t\t<a href=\"https:\/\/www.instagram.com\/steaphancubair\/\" target=\"_blank\">\n\n\t\t\t\t\t\t\t\t\t\t\t\t<span class=\"elementor-icon-list-icon\">\n\t\t\t\t\t\t\t<i aria-hidden=\"true\" class=\"fab fa-linkedin-in\"><\/i>\t\t\t\t\t\t<\/span>\n\t\t\t\t\t\t\t\t\t\t<span class=\"elementor-icon-list-text\"><\/span>\n\t\t\t\t\t\t\t\t\t\t\t<\/a>\n\t\t\t\t\t\t\t\t\t<\/li>\n\t\t\t\t\t\t<\/ul>\n\t\t\t\t\t\t<\/div>\n\t\t\t\t<\/div>\n\t\t\t\t\t<\/div>\n\t\t<\/div>\n\t\t\t\t<div class=\"elementor-column elementor-col-33 elementor-top-column elementor-element elementor-element-9f8aa75\" data-id=\"9f8aa75\" data-element_type=\"column\" data-e-type=\"column\" data-settings=\"{&quot;background_background&quot;:&quot;classic&quot;}\">\n\t\t\t<div class=\"elementor-widget-wrap elementor-element-populated\">\n\t\t\t\t\t\t<div class=\"elementor-element elementor-element-1345527e elementor-widget elementor-widget-heading\" data-id=\"1345527e\" data-element_type=\"widget\" data-e-type=\"widget\" data-widget_type=\"heading.default\">\n\t\t\t\t<div class=\"elementor-widget-container\">\n\t\t\t\t\t<h2 class=\"elementor-heading-title elementor-size-default\">Tout ce qu'il faut savoir<\/h2>\t\t\t\t<\/div>\n\t\t\t\t<\/div>\n\t\t\t\t<div class=\"elementor-element elementor-element-f017388 elementor-widget elementor-widget-heading\" data-id=\"f017388\" data-element_type=\"widget\" data-e-type=\"widget\" data-widget_type=\"heading.default\">\n\t\t\t\t<div class=\"elementor-widget-container\">\n\t\t\t\t\t<h1 class=\"elementor-heading-title elementor-size-default\">D\u00e9couvrez l'histoire m\u00e9connue de Scotia, la mythique princesse \u00e9gyptienne<\/h1>\t\t\t\t<\/div>\n\t\t\t\t<\/div>\n\t\t\t\t<div class=\"elementor-element elementor-element-13ea3c78 elementor-widget elementor-widget-text-editor\" data-id=\"13ea3c78\" data-element_type=\"widget\" data-e-type=\"widget\" data-widget_type=\"text-editor.default\">\n\t\t\t\t<div class=\"elementor-widget-container\">\n\t\t\t\t\t\t\t\t\t<p>N\u00e9e Fille d'\u00c9gypte avant de devenir Reine des Deux Terres. Par un sort du destin, et apr\u00e8s un p\u00e9riple extraordinaire, elle atteindra finalement les rives d'Hibernia o\u00f9 elle fondera la nation des Scots.<\/p>\t\t\t\t\t\t\t\t<\/div>\n\t\t\t\t<\/div>\n\t\t\t\t\t<\/div>\n\t\t<\/div>\n\t\t\t\t<div class=\"elementor-column elementor-col-33 elementor-top-column elementor-element elementor-element-906789a\" data-id=\"906789a\" data-element_type=\"column\" data-e-type=\"column\" data-settings=\"{&quot;background_background&quot;:&quot;classic&quot;,&quot;animation&quot;:&quot;none&quot;}\">\n\t\t\t<div class=\"elementor-widget-wrap elementor-element-populated\">\n\t\t\t\t\t\t<div class=\"elementor-element elementor-element-8e36c58 elementor-widget elementor-widget-image\" data-id=\"8e36c58\" data-element_type=\"widget\" data-e-type=\"widget\" data-widget_type=\"image.default\">\n\t\t\t\t<div class=\"elementor-widget-container\">\n\t\t\t\t\t\t\t\t\t\t\t\t\t\t\t<img data-opt-id=1929848148  fetchpriority=\"high\" decoding=\"async\" src=\"https:\/\/mlo8vfltrot8.i.optimole.com\/w:auto\/h:auto\/q:mauto\/f:best\/ig:avif\/https:\/\/steaphancubair.com\/wp-content\/uploads\/2023\/10\/ai-generated-7976735_1920.jpg\" title=\"\" alt=\"\" loading=\"lazy\" \/>\t\t\t\t\t\t\t\t\t\t\t\t\t\t\t<\/div>\n\t\t\t\t<\/div>\n\t\t\t\t\t<\/div>\n\t\t<\/div>\n\t\t\t\t\t<\/div>\n\t\t<\/section>\n\t\t\t\t<section class=\"elementor-section elementor-top-section elementor-element elementor-element-61dcb5e9 elementor-section-height-min-height elementor-section-items-stretch elementor-reverse-tablet elementor-reverse-mobile elementor-section-full_width elementor-section-height-default\" data-id=\"61dcb5e9\" data-element_type=\"section\" data-e-type=\"section\" data-settings=\"{&quot;background_background&quot;:&quot;classic&quot;}\">\n\t\t\t\t\t\t<div class=\"elementor-container elementor-column-gap-default\">\n\t\t\t\t\t<div class=\"elementor-column elementor-col-50 elementor-top-column elementor-element elementor-element-6d18b9bd\" data-id=\"6d18b9bd\" data-element_type=\"column\" data-e-type=\"column\" data-settings=\"{&quot;background_background&quot;:&quot;classic&quot;}\">\n\t\t\t<div class=\"elementor-widget-wrap elementor-element-populated\">\n\t\t\t\t\t\t<div class=\"elementor-element elementor-element-a591d00 elementor-widget elementor-widget-image\" data-id=\"a591d00\" data-element_type=\"widget\" data-e-type=\"widget\" data-widget_type=\"image.default\">\n\t\t\t\t<div class=\"elementor-widget-container\">\n\t\t\t\t\t\t\t\t\t\t\t\t\t\t\t<img data-opt-id=1422653238  fetchpriority=\"high\" decoding=\"async\" src=\"https:\/\/mlo8vfltrot8.i.optimole.com\/w:500\/h:500\/q:mauto\/f:best\/ig:avif\/https:\/\/steaphancubair.com\/wp-content\/uploads\/2023\/10\/Cover-2.jpg\" title=\"Cover 2\" alt=\"Cover 2\" loading=\"lazy\" \/>\t\t\t\t\t\t\t\t\t\t\t\t\t\t\t<\/div>\n\t\t\t\t<\/div>\n\t\t\t\t\t<\/div>\n\t\t<\/div>\n\t\t\t\t<div class=\"elementor-column elementor-col-50 elementor-top-column elementor-element elementor-element-1eaebc98\" data-id=\"1eaebc98\" data-element_type=\"column\" data-e-type=\"column\">\n\t\t\t<div class=\"elementor-widget-wrap elementor-element-populated\">\n\t\t\t\t\t\t<div class=\"elementor-element elementor-element-2e0be2ce elementor-widget elementor-widget-heading\" data-id=\"2e0be2ce\" data-element_type=\"widget\" data-e-type=\"widget\" data-widget_type=\"heading.default\">\n\t\t\t\t<div class=\"elementor-widget-container\">\n\t\t\t\t\t<h3 class=\"elementor-heading-title elementor-size-default\">Fille du Soleil<\/h3>\t\t\t\t<\/div>\n\t\t\t\t<\/div>\n\t\t\t\t<div class=\"elementor-element elementor-element-7e7b15e8 elementor-widget elementor-widget-text-editor\" data-id=\"7e7b15e8\" data-element_type=\"widget\" data-e-type=\"widget\" data-widget_type=\"text-editor.default\">\n\t\t\t\t<div class=\"elementor-widget-container\">\n\t\t\t\t\t\t\t\t\t<p>En 1335 avant notre \u00e8re, une lutte de pouvoir survient alors que la reine N\u00e9fertiti, fille du puissant dieu Seth, perp\u00e9tue le culte d'Aton apr\u00e8s le d\u00e9c\u00e8s du pharaon Akhenaton. S\u2019opposant au grand pr\u00eatre d'Amon, Wennefer, qui complote pour restaurer le r\u00e8gne des dieux, elle doit naviguer les alliances perfides et prot\u00e9ger sa dynastie.<\/p><p>Cependant, la main du destin intervient quand N\u00e9fertiti devient victime de son p\u00e8re divin apr\u00e8s l'avoir d\u00e9fi\u00e9. \u00c0 la suite de cette trag\u00e9die, sa fille, \u00c2nkh\u00e9senamon, assume le tr\u00f4ne, r\u00e9gnant aux c\u00f4t\u00e9s du pharaon Toutankhamon. Alors qu'elle tente de surmonter les divisions de l\u2019\u00c9gypte, elle se retrouve prise dans un r\u00e9seau d\u2019intrigues politiques et de bouleversements religieux. La jeune reine trouvera-t-elle son chemin au milieu du chaos \u00e9branlant son royaume, ou les dieux d\u00e9termineront-ils son destin ?<\/p><p>\u00ab Fille du Soleil \u00bb est un roman captivant sur les th\u00e8mes de l'amour, du pouvoir et de l\u2019\u00e9ternelle rivalit\u00e9 entre les dieux et les mortels. Son r\u00e9cit met en lumi\u00e8re le monde tumultueux de l\u2019\u00c9gypte ancienne en donnant vie aux luttes d\u2019influence de ses fascinants personnages historiques et mythologiques. La narration richement imagin\u00e9e et la repr\u00e9sentation vibrante d\u2019une \u00e9poque l\u00e9gendaire s\u00e9duira tout lecteur fascin\u00e9 par le royaume des Deux Terres.<\/p><p>Disponible sur les diff\u00e9rentes plateformes Amazon, en fran\u00e7ais uniquement.<\/p>\t\t\t\t\t\t\t\t<\/div>\n\t\t\t\t<\/div>\n\t\t\t\t\t<\/div>\n\t\t<\/div>\n\t\t\t\t\t<\/div>\n\t\t<\/section>\n\t\t\t\t<section class=\"elementor-section elementor-top-section elementor-element elementor-element-b71439b elementor-section-height-min-height elementor-section-items-stretch elementor-section-full_width elementor-section-height-default\" data-id=\"b71439b\" data-element_type=\"section\" data-e-type=\"section\" data-settings=\"{&quot;background_background&quot;:&quot;classic&quot;}\">\n\t\t\t\t\t\t<div class=\"elementor-container elementor-column-gap-default\">\n\t\t\t\t\t<div class=\"elementor-column elementor-col-50 elementor-top-column elementor-element elementor-element-6324ab35\" data-id=\"6324ab35\" data-element_type=\"column\" data-e-type=\"column\">\n\t\t\t<div class=\"elementor-widget-wrap elementor-element-populated\">\n\t\t\t\t\t\t\t<\/div>\n\t\t<\/div>\n\t\t\t\t<div class=\"elementor-column elementor-col-50 elementor-top-column elementor-element elementor-element-7b27f5c7\" data-id=\"7b27f5c7\" data-element_type=\"column\" data-e-type=\"column\" data-settings=\"{&quot;background_background&quot;:&quot;classic&quot;}\">\n\t\t\t<div class=\"elementor-widget-wrap elementor-element-populated\">\n\t\t\t\t\t\t\t<\/div>\n\t\t<\/div>\n\t\t\t\t\t<\/div>\n\t\t<\/section>\n\t\t\t\t<\/div>","protected":false},"excerpt":{"rendered":"<p>Read all about it Discover the untold story of Scotia, the mythical Egyptian Princess Born Daughter of Egypt before becoming Queen of the Two Lands. Then destiny intervened, and after an extraordinary journey, she ultimately reached the shores of Hibernia, where she established the Scots as a nation. Daughter of the Sun In the year&hellip;&nbsp;<a href=\"https:\/\/steaphancubair.com\/fr\/egyptian-princess\/\" rel=\"bookmark\">Lire la suite &raquo;<span class=\"screen-reader-text\">La Princesse \u00e9gyptienne<\/span><\/a><\/p>","protected":false},"author":1,"featured_media":0,"parent":0,"menu_order":0,"comment_status":"closed","ping_status":"closed","template":"page-templates\/template-pagebuilder-full-width.php","meta":{"om_disable_all_campaigns":false,"_uag_custom_page_level_css":"","_monsterinsights_skip_tracking":false,"_monsterinsights_sitenote_active":false,"_monsterinsights_sitenote_note":"","_monsterinsights_sitenote_category":0,"_uf_show_specific_survey":0,"_uf_disable_surveys":false,"neve_meta_sidebar":"full-width","neve_meta_container":"","neve_meta_enable_content_width":"on","neve_meta_content_width":100,"neve_meta_title_alignment":"","neve_meta_author_avatar":"","neve_post_elements_order":"","neve_meta_disable_header":"","neve_meta_disable_footer":"","neve_meta_disable_title":"on","_themeisle_gutenberg_block_has_review":false,"footnotes":""},"class_list":["post-7324","page","type-page","status-publish","hentry"],"aioseo_notices":[],"uagb_featured_image_src":{"full":false,"thumbnail":false,"medium":false,"medium_large":false,"large":false,"1536x1536":false,"2048x2048":false,"trp-custom-language-flag":false,"htmega_size_585x295":false,"htmega_size_1170x536":false,"htmega_size_396x360":false,"neve-blog":false,"awb_sm":false,"awb_md":false,"awb_lg":false,"awb_xl":false},"uagb_author_info":{"display_name":"Stephan Cooper","author_link":"https:\/\/steaphancubair.com\/fr\/author\/steaphan\/"},"uagb_comment_info":0,"uagb_excerpt":"Read all about it Discover the untold story of Scotia, the mythical Egyptian Princess Born Daughter of Egypt before becoming Queen of the Two Lands. Then destiny intervened, and after an extraordinary journey, she ultimately reached the shores of Hibernia, where she established the Scots as a nation. Daughter of the Sun In the year&hellip;&nbsp;Lire\u2026","_links":{"self":[{"href":"https:\/\/steaphancubair.com\/fr\/wp-json\/wp\/v2\/pages\/7324","targetHints":{"allow":["GET"]}}],"collection":[{"href":"https:\/\/steaphancubair.com\/fr\/wp-json\/wp\/v2\/pages"}],"about":[{"href":"https:\/\/steaphancubair.com\/fr\/wp-json\/wp\/v2\/types\/page"}],"author":[{"embeddable":true,"href":"https:\/\/steaphancubair.com\/fr\/wp-json\/wp\/v2\/users\/1"}],"replies":[{"embeddable":true,"href":"https:\/\/steaphancubair.com\/fr\/wp-json\/wp\/v2\/comments?post=7324"}],"version-history":[{"count":10,"href":"https:\/\/steaphancubair.com\/fr\/wp-json\/wp\/v2\/pages\/7324\/revisions"}],"predecessor-version":[{"id":7348,"href":"https:\/\/steaphancubair.com\/fr\/wp-json\/wp\/v2\/pages\/7324\/revisions\/7348"}],"wp:attachment":[{"href":"https:\/\/steaphancubair.com\/fr\/wp-json\/wp\/v2\/media?parent=7324"}],"curies":[{"name":"wp","href":"https:\/\/api.w.org\/{rel}","templated":true}]}}